{"id":10,"date":"2026-04-27T10:53:51","date_gmt":"2026-04-27T08:53:51","guid":{"rendered":"https:\/\/kukfest.sk\/?page_id=10"},"modified":"2026-04-28T10:03:25","modified_gmt":"2026-04-28T08:03:25","slug":"10-2","status":"publish","type":"page","link":"https:\/\/kukfest.sk\/en\/10-2\/","title":{"rendered":"\u00davodn\u00e1 stranka_01"},"content":{"rendered":"<p>[et_pb_section fb_built=&#8220;1&#8243; bg_img_1=&#8220;https:\/\/kukfest.sk\/wp-content\/uploads\/2026\/04\/political-candidate-25.png&#8220; background_size_1=&#8220;initial&#8220; background_repeat_1=&#8220;no-repeat&#8220; background_position_1=&#8220;top_right&#8220; admin_label=&#8220;Header&#8220; _builder_version=&#8220;4.27.4&#8243; custom_margin=&#8220;0px||||false|false&#8220; custom_padding=&#8220;0px||0px||false|false&#8220; hover_enabled=&#8220;0&#8243; global_colors_info=&#8220;{}&#8220; sticky_enabled=&#8220;0&#8243;][et_pb_row column_structure=&#8220;1_2,1_2&#8243; make_equal=&#8220;on&#8220; padding_top_bottom_link_2=&#8220;false&#8220; padding_left_right_link_2=&#8220;false&#8220; _builder_version=&#8220;4.27.6&#8243; width=&#8220;100%&#8220; max_width=&#8220;100%&#8220; custom_padding=&#8220;0px||0px||false|false&#8220; hover_enabled=&#8220;0&#8243; use_custom_width=&#8220;on&#8220; width_unit=&#8220;off&#8220; custom_width_percent=&#8220;100%&#8220; global_colors_info=&#8220;{}&#8220; height=&#8220;586px&#8220; sticky_enabled=&#8220;0&#8243;][et_pb_column type=&#8220;1_2&#8243; _builder_version=&#8220;4.27.4&#8243; background_image=&#8220;https:\/\/kukfest.sk\/wp-content\/uploads\/2026\/04\/Kukfest-foto_01_1080x793.png&#8220; hover_enabled=&#8220;0&#8243; global_colors_info=&#8220;{}&#8220; custom_padding__hover=&#8220;|||&#8220; sticky_enabled=&#8220;0&#8243;][et_pb_image src=&#8220;https:\/\/kukfest.sk\/wp-content\/uploads\/2026\/04\/political-candidate-19.png&#8220; _builder_version=&#8220;4.16&#8243; always_center_on_mobile=&#8220;off&#8220; global_colors_info=&#8220;{}&#8220;][\/et_pb_image][et_pb_divider show_divider=&#8220;off&#8220; _builder_version=&#8220;4.16&#8243; height=&#8220;200px&#8220; global_colors_info=&#8220;{}&#8220;][\/et_pb_divider][\/et_pb_column][et_pb_column type=&#8220;1_2&#8243; _builder_version=&#8220;4.27.4&#8243; custom_padding=&#8220;5vw||5vw||false|false&#8220; custom_padding_tablet=&#8220;|10%||10%||true&#8220; custom_padding_phone=&#8220;|||&#8220; custom_padding_last_edited=&#8220;on|tablet&#8220; global_colors_info=&#8220;{}&#8220; padding_phone=&#8220;|||&#8220; padding_tablet=&#8220;|10%||10%||true&#8220; padding_last_edited=&#8220;on|tablet&#8220; custom_padding__hover=&#8220;|||&#8220;][et_pb_text _builder_version=&#8220;4.27.4&#8243; text_font=&#8220;||||||||&#8220; text_font_size=&#8220;16px&#8220; text_line_height=&#8220;2em&#8220; header_font=&#8220;Ubuntu|700|||||||&#8220; header_text_color=&#8220;#E01F45&#8243; header_font_size=&#8220;60px&#8220; header_line_height=&#8220;1.4em&#8220; header_3_font=&#8220;Ubuntu||||||||&#8220; header_3_text_color=&#8220;#0C71C3&#8243; header_3_line_height=&#8220;1.8em&#8220; max_width=&#8220;600px&#8220; custom_margin=&#8220;3vw||||false|false&#8220; text_font_size_tablet=&#8220;&#8220; text_font_size_phone=&#8220;14px&#8220; text_font_size_last_edited=&#8220;on|desktop&#8220; header_font_size_tablet=&#8220;&#8220; header_font_size_phone=&#8220;32px&#8220; header_font_size_last_edited=&#8220;on|desktop&#8220; global_colors_info=&#8220;{}&#8220;]<\/p>\n<h1>KUK fest 2026<\/h1>\n<h3>Doln\u00fd Kub\u00edn 10. &#8211; 13. j\u00fan 2026<\/h3>\n<p><span>Prv\u00fd letn\u00fd kni\u017en\u00fd a <\/span><span>multi\u017e\u00e1nrov\u00fd open space festival v Dolnom Kub\u00edne<br \/>(KUK fest = festival knihy \u2013 umenia \u2013 kult\u00fary)<\/span><\/p>\n<p>[\/et_pb_text][\/et_pb_column][\/et_pb_row][\/et_pb_section][et_pb_section fb_built=&#8220;1&#8243; admin_label=&#8220;Social&#8220; _builder_version=&#8220;4.27.6&#8243; background_size=&#8220;initial&#8220; background_position=&#8220;bottom_right&#8220; custom_padding=&#8220;2vw||0px||false|false&#8220; bottom_divider_color=&#8220;#ffffff&#8220; bottom_divider_height=&#8220;10vw&#8220; bottom_divider_repeat=&#8220;1.5x&#8220; bottom_divider_arrangement=&#8220;above_content&#8220; bottom_divider_height_tablet=&#8220;0px&#8220; bottom_divider_height_phone=&#8220;0px&#8220; bottom_divider_height_last_edited=&#8220;on|phone&#8220; hover_enabled=&#8220;0&#8243; global_colors_info=&#8220;{}&#8220; sticky_enabled=&#8220;0&#8243;][et_pb_row column_structure=&#8220;1_3,1_3,1_3&#8243; use_custom_gutter=&#8220;on&#8220; gutter_width=&#8220;1&#8243; custom_padding_last_edited=&#8220;on|tablet&#8220; padding_top_bottom_link_2=&#8220;false&#8220; padding_left_right_link_2=&#8220;true&#8220; _builder_version=&#8220;4.27.6&#8243; width=&#8220;100%&#8220; max_width=&#8220;100%&#8220; custom_margin=&#8220;-4vw||||false|false&#8220; custom_padding=&#8220;3px||2px|||&#8220; custom_padding_tablet=&#8220;|10%||10%||true&#8220; custom_padding_phone=&#8220;&#8220; hover_enabled=&#8220;0&#8243; use_custom_width=&#8220;on&#8220; width_unit=&#8220;off&#8220; custom_width_percent=&#8220;100%&#8220; global_colors_info=&#8220;{}&#8220; sticky_enabled=&#8220;0&#8243; make_equal=&#8220;on&#8220; height=&#8220;574px&#8220;][et_pb_column type=&#8220;1_3&#8243; _builder_version=&#8220;4.27.6&#8243; custom_padding=&#8220;5vw||||false|false&#8220; hover_enabled=&#8220;0&#8243; global_colors_info=&#8220;{}&#8220; custom_padding__hover=&#8220;|||&#8220; title_text=&#8220;Kukfest_logo_01&#8243; sticky_enabled=&#8220;0&#8243; background_enable_image=&#8220;off&#8220;][\/et_pb_column][et_pb_column type=&#8220;1_3&#8243; _builder_version=&#8220;4.27.6&#8243; custom_padding_tablet=&#8220;|10%||10%||true&#8220; custom_padding_phone=&#8220;|10%||10%||true&#8220; custom_padding_last_edited=&#8220;on|desktop&#8220; hover_enabled=&#8220;0&#8243; global_colors_info=&#8220;{}&#8220; padding_tablet=&#8220;|10%||10%||true&#8220; padding_last_edited=&#8220;on|desktop&#8220; custom_padding__hover=&#8220;|||&#8220; padding_phone=&#8220;|10%||10%||true&#8220; title_text=&#8220;Kukfest_logo_01&#8243; background_image=&#8220;https:\/\/kukfest.sk\/wp-content\/uploads\/2026\/04\/Kukfest_logo_01.jpg&#8220; background_size=&#8220;contain&#8220; sticky_enabled=&#8220;0&#8243;][\/et_pb_column][et_pb_column type=&#8220;1_3&#8243; _builder_version=&#8220;4.27.4&#8243; background_enable_color=&#8220;off&#8220; background_enable_image=&#8220;off&#8220; custom_padding=&#8220;|80px||80px|false|false&#8220; custom_padding_tablet=&#8220;|10%||10%||true&#8220; custom_padding_phone=&#8220;|10%||10%||true&#8220; custom_padding_last_edited=&#8220;on|desktop&#8220; global_colors_info=&#8220;{}&#8220; padding_tablet=&#8220;|10%||10%||true&#8220; padding_last_edited=&#8220;on|desktop&#8220; custom_padding__hover=&#8220;|||&#8220; padding_phone=&#8220;|10%||10%||true&#8220;][et_pb_text _builder_version=&#8220;4.27.4&#8243; text_font=&#8220;||||||||&#8220; text_font_size=&#8220;16px&#8220; text_line_height=&#8220;2em&#8220; header_font=&#8220;Ubuntu|700|||||||&#8220; header_text_color=&#8220;#E01F45&#8243; header_font_size=&#8220;60px&#8220; header_line_height=&#8220;1.4em&#8220; header_2_font=&#8220;|700|||||||&#8220; header_2_text_color=&#8220;#0C71C3&#8243; header_3_font=&#8220;Ubuntu||||||||&#8220; header_3_text_color=&#8220;#0C71C3&#8243; header_3_font_size=&#8220;23px&#8220; max_width=&#8220;600px&#8220; custom_margin=&#8220;4vw||||false|false&#8220; text_font_size_tablet=&#8220;&#8220; text_font_size_phone=&#8220;14px&#8220; text_font_size_last_edited=&#8220;on|desktop&#8220; header_font_size_tablet=&#8220;&#8220; header_font_size_phone=&#8220;32px&#8220; header_font_size_last_edited=&#8220;on|desktop&#8220; global_colors_info=&#8220;{}&#8220;]<\/p>\n<h3>Str\u00e1nka sa pripravuje<\/h3>\n<p><span>Pripravujeme pre v\u00e1s str\u00e1nku na ktorej n\u00e1jdete v\u0161etky aktu\u00e1lne inform\u00e1cie o KUK fest-e 2026. Zav\u00edtajte tu trochu nesk\u00f4r :-). \u010eakujeme za pochopenie.<\/span><\/p>\n<p>[\/et_pb_text][et_pb_social_media_follow icon_color=&#8220;#FFFFFF&#8220; _builder_version=&#8220;4.27.4&#8243; text_orientation=&#8220;left&#8220; custom_margin=&#8220;50px||||false|false&#8220; custom_margin_tablet=&#8220;-70px|||&#8220; custom_margin_phone=&#8220;1vw||1vw|2vw|true&#8220; custom_margin_last_edited=&#8220;off|desktop&#8220; custom_padding=&#8220;|||&#8220; animation_style=&#8220;slide&#8220; animation_direction=&#8220;left&#8220; animation_delay=&#8220;200ms&#8220; animation_speed_curve=&#8220;ease-out&#8220; border_radii=&#8220;on|0px|0px|0px|0px&#8220; global_colors_info=&#8220;{}&#8220;][et_pb_social_media_follow_network social_network=&#8220;facebook&#8220; url=&#8220;http:\/\/www.facebook.com\/kukfest&#8220; _builder_version=&#8220;4.27.4&#8243; background_color=&#8220;#E02B20&#8243; background_enable_color=&#8220;on&#8220; custom_margin=&#8220;|||&#8220; custom_padding=&#8220;10px|10px|10px|10px|true|true&#8220; global_colors_info=&#8220;{}&#8220; follow_button=&#8220;off&#8220; url_new_window=&#8220;on&#8220;]facebook[\/et_pb_social_media_follow_network][et_pb_social_media_follow_network social_network=&#8220;instagram&#8220; url=&#8220;http:\/\/www.instagram.com\/kukfest\/&#8220; _builder_version=&#8220;4.27.4&#8243; background_color=&#8220;#E02B20&#8243; background_enable_color=&#8220;on&#8220; custom_margin=&#8220;|0px||0px||true&#8220; custom_padding=&#8220;10px|10px|10px|10px|true|true&#8220; global_colors_info=&#8220;{}&#8220; follow_button=&#8220;off&#8220; url_new_window=&#8220;on&#8220;]instagram[\/et_pb_social_media_follow_network][\/et_pb_social_media_follow][\/et_pb_column][\/et_pb_row][\/et_pb_section]<\/p>\n","protected":false},"excerpt":{"rendered":"<p>KUK fest 2026 Doln\u00fd Kub\u00edn 10. &#8211; 13. j\u00fan 2026 Prv\u00fd letn\u00fd kni\u017en\u00fd a multi\u017e\u00e1nrov\u00fd open space festival v Dolnom Kub\u00edne(KUK fest = festival knihy \u2013 umenia \u2013 kult\u00fary)Str\u00e1nka sa pripravuje Pripravujeme pre v\u00e1s str\u00e1nku na ktorej n\u00e1jdete v\u0161etky aktu\u00e1lne inform\u00e1cie o KUK fest-e 2026. Zav\u00edtajte tu trochu nesk\u00f4r :-). \u010eakujeme za pochopenie.<\/p>","protected":false},"author":1,"featured_media":0,"parent":0,"menu_order":0,"comment_status":"closed","ping_status":"closed","template":"","meta":{"_et_pb_use_builder":"on","_et_pb_old_content":"","_et_gb_content_width":"","_monsterinsights_skip_tracking":false,"_monsterinsights_sitenote_active":false,"_monsterinsights_sitenote_note":"","_monsterinsights_sitenote_category":0,"footnotes":""},"class_list":["post-10","page","type-page","status-publish","hentry"],"_links":{"self":[{"href":"https:\/\/kukfest.sk\/en\/wp-json\/wp\/v2\/pages\/10","targetHints":{"allow":["GET"]}}],"collection":[{"href":"https:\/\/kukfest.sk\/en\/wp-json\/wp\/v2\/pages"}],"about":[{"href":"https:\/\/kukfest.sk\/en\/wp-json\/wp\/v2\/types\/page"}],"author":[{"embeddable":true,"href":"https:\/\/kukfest.sk\/en\/wp-json\/wp\/v2\/users\/1"}],"replies":[{"embeddable":true,"href":"https:\/\/kukfest.sk\/en\/wp-json\/wp\/v2\/comments?post=10"}],"version-history":[{"count":13,"href":"https:\/\/kukfest.sk\/en\/wp-json\/wp\/v2\/pages\/10\/revisions"}],"predecessor-version":[{"id":87,"href":"https:\/\/kukfest.sk\/en\/wp-json\/wp\/v2\/pages\/10\/revisions\/87"}],"wp:attachment":[{"href":"https:\/\/kukfest.sk\/en\/wp-json\/wp\/v2\/media?parent=10"}],"curies":[{"name":"wp","href":"https:\/\/api.w.org\/{rel}","templated":true}]}}